{"id":6160,"date":"2020-09-14T15:40:41","date_gmt":"2020-09-14T15:40:41","guid":{"rendered":"https:\/\/www.lifewolfalps.eu\/il-lupo-sulle-alpi\/the-wolf-in-slovenia\/"},"modified":"2020-11-17T13:15:49","modified_gmt":"2020-11-17T13:15:49","slug":"volk-v-sloveniji","status":"publish","type":"page","link":"https:\/\/www.lifewolfalps.eu\/sl\/volk-v-alpah\/volk-v-sloveniji\/","title":{"rendered":"Volk v Sloveniji"},"content":{"rendered":"\n<h4 class=\"wp-block-heading\"><strong><strong>Opis situacije, naravna vrnitev volka v Alpe in razvoj populacije do leta 2020<\/strong><\/strong><\/h4>\n\n\n\n<p>Za razliko od \u0161tevilnih evropskih dr\u017eav, volkovi nikoli niso popolnoma izginili s slovenskega ozemlja. V desetletjih sistemati\u010dnega preganjanja volkov v 18. in 19. stoletju so pre\u017eiveli v najbolj \u010dloveku odmaknjenih predelih dinarskih gora. Po koncu prve in druge svetovne vojne se je populacija volkov v Sloveniji za\u010dela pove\u010devati. Toda ta \u0161iritev je bila kratkotrajna, ker se je kmalu po koncu 2. svetovne vojne za\u010delo sistemati\u010dno preganjanje volkov. \u010ceprav so bile v sedemdesetih letih ukinjene nagrade za njihovo ubijanje in dolo\u010dena lovna sezona, se domneva, da je bilo v osemdesetih letih 20. stoletja v Sloveniji \u0161e vedno prisotnih le nekaj posameznih volkov. Po varstvu volka leta 1993 se je za\u010del tretji val \u0161irjenja vrste v Dinarskem pogorju, potem ko je populacija za\u010dela nara\u0161\u010dati in ponovno naseljevati nekatere svoje zgodovinske habitate.<\/p>\n\n\n\n<p>Leta 2010&nbsp; se je za\u010delo sistemati\u010dno spremljanje volkov na podlagi molekularne analize neinvazivnih genskih vzorcev, modeliranja ulova, izpusta in ponovnega ulova ter sistemati\u010dnega zaznavanja vol\u010djih legel s pomo\u010djo metode izzivanja tuljenja. Med letoma 2010 in 2011 je bila ocenjena velikost populacije volkov v Sloveniji med 34 in 42 osebki. Od takrat naprej je \u0161irjenje in rast populacije volkov v Sloveniji dobro dokumentirano. Zadnja razpolo\u017eljiva ocena velikosti populacije izhaja iz sezone spremljanja 2018\/2019. Ocenjeno je bilo, da je v Sloveniji med 86 in 110 volkovi (brez \u010dezmejnih posameznikov), ki tvorijo 14 tropov.<\/p>\n\n\n\n<p>Od za\u010detka tretjega \u0161iritvenega vala volka je bila prisotnost vol\u010djih tropov omejena na ju\u017eni in zahodni del Slovenije. Ko se je za\u010delo sistemati\u010dno spremljanje, so se v predalpskih in alpskih regijah dr\u017eave&nbsp; ob\u010dasno pojavljale le posameznih \u017eivali. Toda v sezonah spremljanja 2018\/2019 in 2019\/2020 je pri\u0161lo do hitrega preskoka v prostorski \u0161iritvi populacije volkov. Najprej so v alpskih in predalpskih regijah odkrili tri pare volkov, s pomo\u010djo metode&nbsp; izzivanja&nbsp; tuljenja pa je bila leta 2019 zaznana prisotnost treh novoustanovljenih tropov volkov.&nbsp; S tem smo dokazali vrnitev volka na obmo\u010dje, od koder je v 18.\/19. stoletju izginil.<\/p>\n\n\n\n<h4 class=\"wp-block-heading\"><strong><strong><strong>Glavni problemi in gro\u017enje<\/strong><\/strong><\/strong><\/h4>\n\n\n\n<p>Tudi v Sloveniji, tako kot v drugih dr\u017eavah s stalno populacijo volkov, so glavna vpra\u0161anja, povezana s tem plenilcem, napadi na \u017eivino in do neke mere konkurenca z lovci za naravni plen, ve\u010dinoma prosto\u017eive\u010de parkljarje. V prvi polovici prej\u0161njega desetletja se je \u0161tevilo napadov volkov zmanj\u0161alo, od leta 2017 pa \u0161tevilo napadov volkov na doma\u010de \u017eivali (ve\u010dinoma ovce in koze) nara\u0161\u010da. V zadnjih nekaj letih se je pove\u010dalo tudi&nbsp; \u0161tevilo napadov volkov na ve\u010djih pa\u0161nih \u017eivalih (ve\u010dinoma govedo), kar predstavlja te\u017eavo, saj je ve\u010dina lokalnih tehnologij za prepre\u010devanje \u0161kode preizku\u0161ena in razvita za manj\u0161e \u017eivali. Poleg tega prostorska \u0161iritev volkov v predalpske in alpske regije predstavlja nov izziv za za\u0161\u010dito velikih gorskih pa\u0161nikov, zlasti pa\u0161nikov, ki so tudi priljubljena rekreacijska destinacija. Poleg tega je vrnitev volkov v alpske regije vzbudila mo\u010dne ob\u010dutke strahu v lokalnih skupnostih, ki niso vajene stalne prisotnosti volkov.<\/p>\n\n\n\n<p>Poleg nezakonitega ubijanja je glavna nara\u0161\u010dajo\u010da nevarnost za slovensko populacijo volkov tudi kri\u017eanje volka s psom. \u010ceprav ta pojav ni tako resen kot v nekaterih drugih dr\u017eavah, smo pred kratkim \u017ee zaznali dva tropa kri\u017eancev.<\/p>\n\n\n\n<h4 class=\"wp-block-heading\"><strong><strong><strong>Varovanje in ohranjanje volkov ter upravljanje z vrsto<\/strong><\/strong><\/strong><\/h4>\n\n\n\n<p>V Sloveniji&nbsp; je volk pravno popolnoma za\u0161\u010diten z dolo\u010denimi izjemami &#8211; izjemnimi odstreli, ki jih uporabljamo za zmanj\u0161anje ve\u010djih konfliktov s kmetijstvom. Dolo\u010dbe o za\u0161\u010diti volkov so vklju\u010dene v nacionalno zakonodajo v Zakonu o ohranjanju narave, Zakonu o varstvu okolja, Zakonu o lovu in Zakonu o gozdovih. Od leta 2015 slovensko ministrstvo za okolje financira dr\u017eavne projekte za spremljanje volkov, izpla\u010duje od\u0161kodnine za \u0161kodo po volku in financira ukrepe za prepre\u010devanje \u0161kode na \u017eivini.<\/p>\n","protected":false},"excerpt":{"rendered":"<p>Opis situacije, naravna vrnitev volka v Alpe in razvoj populacije do leta 2020 Za razliko od \u0161tevilnih evropskih dr\u017eav, volkovi nikoli niso popolnoma izginili s slovenskega ozemlja. V desetletjih sistemati\u010dnega preganjanja volkov v 18. in 19. stoletju so pre\u017eiveli v najbolj \u010dloveku odmaknjenih predelih dinarskih gora. Po koncu prve in druge svetovne vojne se je [&hellip;]<\/p>\n","protected":false},"author":2,"featured_media":5320,"parent":4225,"menu_order":0,"comment_status":"closed","ping_status":"closed","template":"page-templates\/il-lupo-sulle-alpi-child.php","meta":{"_acf_changed":false,"footnotes":""},"class_list":["post-6160","page","type-page","status-publish","has-post-thumbnail","hentry"],"acf":[],"_links":{"self":[{"href":"https:\/\/www.lifewolfalps.eu\/sl\/wp-json\/wp\/v2\/pages\/6160","targetHints":{"allow":["GET"]}}],"collection":[{"href":"https:\/\/www.lifewolfalps.eu\/sl\/wp-json\/wp\/v2\/pages"}],"about":[{"href":"https:\/\/www.lifewolfalps.eu\/sl\/wp-json\/wp\/v2\/types\/page"}],"author":[{"embeddable":true,"href":"https:\/\/www.lifewolfalps.eu\/sl\/wp-json\/wp\/v2\/users\/2"}],"replies":[{"embeddable":true,"href":"https:\/\/www.lifewolfalps.eu\/sl\/wp-json\/wp\/v2\/comments?post=6160"}],"version-history":[{"count":3,"href":"https:\/\/www.lifewolfalps.eu\/sl\/wp-json\/wp\/v2\/pages\/6160\/revisions"}],"predecessor-version":[{"id":7077,"href":"https:\/\/www.lifewolfalps.eu\/sl\/wp-json\/wp\/v2\/pages\/6160\/revisions\/7077"}],"up":[{"embeddable":true,"href":"https:\/\/www.lifewolfalps.eu\/sl\/wp-json\/wp\/v2\/pages\/4225"}],"wp:featuredmedia":[{"embeddable":true,"href":"https:\/\/www.lifewolfalps.eu\/sl\/wp-json\/wp\/v2\/media\/5320"}],"wp:attachment":[{"href":"https:\/\/www.lifewolfalps.eu\/sl\/wp-json\/wp\/v2\/media?parent=6160"}],"curies":[{"name":"wp","href":"https:\/\/api.w.org\/{rel}","templated":true}]}}