{"id":4134,"date":"2020-07-01T15:10:21","date_gmt":"2020-07-01T15:10:21","guid":{"rendered":"http:\/\/www.lifewolfalps.eu\/linee-di-intervento\/prevenzione\/"},"modified":"2022-08-10T12:33:46","modified_gmt":"2022-08-10T12:33:46","slug":"preprecevanje-skod","status":"publish","type":"page","link":"https:\/\/www.lifewolfalps.eu\/sl\/podrocja-delovanja\/preprecevanje-skod\/","title":{"rendered":"Prepre\u010devanje \u0161kod"},"content":{"rendered":"\n<p><strong><strong><strong><strong>Konflikti imajo vedno izvor<\/strong> <\/strong><\/strong><\/strong>&#8211; konflikt med volkovi in ljudmi ima eno najstarej\u0161ih, najmo\u010dnej\u0161ih in najbolj obstojnih motivacij. To je ena glavnih ovir za sobivanje; mnogi pastirji menijo, da prisotnost volkov vodi v neznosno pove\u010danje stro\u0161kov, dela in stresa ter da je treba volkove na \u0161tevilnih obmo\u010djih aktivno omejevati, v nekaterih primerih pa jih celo iztrebiti v celoti.<\/p>\n","protected":false},"excerpt":{"rendered":"<p>Konflikti imajo vedno izvor &#8211; konflikt med volkovi in ljudmi ima eno najstarej\u0161ih, najmo\u010dnej\u0161ih in najbolj obstojnih motivacij. To je ena glavnih ovir za sobivanje; mnogi pastirji menijo, da prisotnost volkov vodi v neznosno pove\u010danje stro\u0161kov, dela in stresa ter da je treba volkove na \u0161tevilnih obmo\u010djih aktivno omejevati, v nekaterih primerih pa jih celo [&hellip;]<\/p>\n","protected":false},"author":1,"featured_media":3065,"parent":4095,"menu_order":0,"comment_status":"closed","ping_status":"closed","template":"page-templates\/linee-intervento-child.php","meta":{"_acf_changed":false,"footnotes":""},"class_list":["post-4134","page","type-page","status-publish","has-post-thumbnail","hentry"],"acf":[],"_links":{"self":[{"href":"https:\/\/www.lifewolfalps.eu\/sl\/wp-json\/wp\/v2\/pages\/4134","targetHints":{"allow":["GET"]}}],"collection":[{"href":"https:\/\/www.lifewolfalps.eu\/sl\/wp-json\/wp\/v2\/pages"}],"about":[{"href":"https:\/\/www.lifewolfalps.eu\/sl\/wp-json\/wp\/v2\/types\/page"}],"author":[{"embeddable":true,"href":"https:\/\/www.lifewolfalps.eu\/sl\/wp-json\/wp\/v2\/users\/1"}],"replies":[{"embeddable":true,"href":"https:\/\/www.lifewolfalps.eu\/sl\/wp-json\/wp\/v2\/comments?post=4134"}],"version-history":[{"count":4,"href":"https:\/\/www.lifewolfalps.eu\/sl\/wp-json\/wp\/v2\/pages\/4134\/revisions"}],"predecessor-version":[{"id":5923,"href":"https:\/\/www.lifewolfalps.eu\/sl\/wp-json\/wp\/v2\/pages\/4134\/revisions\/5923"}],"up":[{"embeddable":true,"href":"https:\/\/www.lifewolfalps.eu\/sl\/wp-json\/wp\/v2\/pages\/4095"}],"wp:featuredmedia":[{"embeddable":true,"href":"https:\/\/www.lifewolfalps.eu\/sl\/wp-json\/wp\/v2\/media\/3065"}],"wp:attachment":[{"href":"https:\/\/www.lifewolfalps.eu\/sl\/wp-json\/wp\/v2\/media?parent=4134"}],"curies":[{"name":"wp","href":"https:\/\/api.w.org\/{rel}","templated":true}]}}