{"id":3319,"date":"2020-07-07T09:56:22","date_gmt":"2020-07-07T09:56:22","guid":{"rendered":"http:\/\/www.lifewolfalps.eu\/c\/c1\/"},"modified":"2022-08-10T12:24:26","modified_gmt":"2022-08-10T12:24:26","slug":"c1","status":"publish","type":"page","link":"https:\/\/www.lifewolfalps.eu\/sl\/aktivnosti\/c\/c1\/","title":{"rendered":"C.1"},"content":{"rendered":"\n<h4 class=\"wp-block-heading\"><strong><strong><strong><strong>Intervencijske enote: ogledi \u0161kodnih primerov,\u00a0 za\u0161\u010ditni ukrepi, moderacija, odvzem volkov in bla\u017eitev konflikta na kriti\u010dnih obmo\u010djih<\/strong><\/strong><\/strong><\/strong><\/h4>\n\n\n\n<p>Napadi na \u017eivino so eden najpomembnej\u0161ih vzrokov za konflikt med \u010dlovekom in zvermi. Prepre\u010devanje \u0161kod je tako klju\u010dna naloga pri re\u0161evanju teh konfliktov. Dandanes volkovi ponovno poseljujejo dolo\u010dena obmo\u010dja, kjer dr\u017eave spodbujajo \u017eivinorejo (npr. v Alpah).<\/p>\n\n\n\n<p>Negativni odnos lokalnega prebivalstva do volkov je pogosto posledica pomanjkanja ukrepov za prepre\u010devanje napadov na \u017eivino in pomanjkanje pomo\u010di lokalnih oblasti. Izku\u0161nje so pokazale, da je stalno prisotnost projektnega osebja, ki pomaga lastnikom \u017eivine pri uporabi preventivne za\u0161\u010dite, klju\u010dnega pomena za to, da se lokalni prebivalci ne po\u010dutijo zapostavljene in manjvredne od volka, kot za\u0161\u010ditene vrste.&nbsp;<\/p>\n\n\n\n<p>V okviru intervencijskih enot WPIU (Wolf Prevention Intervention Units) bomo pomagali rejcem v primeru napadov na doma\u010de \u017eivali, u\u010dinkovito ocenili metode prepre\u010devanja napadov in predlagali bolj\u0161e ad hoc re\u0161itve, za prepre\u010ditev podobnih napadov v prihodnje. Na tak na\u010din bomo bla\u017eili konflikte in zgradili zaupanje med javnimi ustanovami in lokalnimi prebivalci. Intervencijske skupine bodo vzpostavljene v Italiji, Franciji, Avstriji in Sloveniji.<\/p>\n\n\n\n<p>Izvedba akcije:<\/p>\n\n\n\n<ul class=\"wp-block-list\"><li>Aktivnosti posamezne intervencijske enote: vsaka enota bo posredovala na obmo\u010djih konflikta in izvajala preventivne ukrepe z uporabo hitrih re\u0161itev, ki temeljijo na preteklih izku\u0161njah. Nudile bodo tudi administrativno pomo\u010d in delovale v vlogi mediatorjev. \u010ce bo to potrebno, se bodo intervencijske enote povezale s skupinami za prepre\u010devanje zastrupljanja volkov.\u00a0\u00a0<\/li><\/ul>\n\n\n\n<ul class=\"wp-block-list\"><li>Koordinacija in stalno ocenjevanje za optimizacijo intervencijskih enot na ravni dr\u017eave \/ regije.<\/li><\/ul>\n\n\n\n<ul class=\"wp-block-list\"><li>Izbolj\u0161anje pravilne uporabe pastirskih psov in elektri\u010dnih ograj: pastirski psi so se v nekaterih primerih izkazali nevarne za ljudi. Pomembno je posredovanje s konkretnimi terenskimi re\u0161itvami, ustrezno usposabljanje in komunikacija turistom in pohodnikom o pravilnem vedenju ob prisotnosti pastirskih psov.<\/li><\/ul>\n\n\n\n<ul class=\"wp-block-list\"><li>Prakti\u010dno terensko testiranje zanesljivosti senzorskih sistemov v \u010dredah in povratne informacije za izbolj\u0161anje v okviru delovanja intervencijskih enot v Avstriji s strani organizacije AREC: test bo dal osnovne podatke za iskanje vzorcev panike v \u010dredi. Na podlagi rezultatov bomo pripravili priporo\u010dila in smernice za izvajanje takega sistema drugje v Alpah.<\/li><\/ul>\n\n\n\n<ul class=\"wp-block-list\"><li>Ustanovitev skupine pastirjev prostovoljcev za pomo\u010d kmetom v Italiji.<\/li><\/ul>\n\n\n\n<ul class=\"wp-block-list\"><li>Razvoj \u201eKon\u010dnih dolgoro\u010dnih smernic za izvajanje intervencijskih enot v posameznih dr\u017eavah in ocena stro\u0161kovnega u\u010dinka\u201c.<\/li><\/ul>\n\n\n\n<ul class=\"wp-block-list\"><li>Izvedba kampanje za ozave\u0161\u010danje o preventivnih ukrepih in promocija dejavnosti intervencijskih enot.<\/li><\/ul>\n","protected":false},"excerpt":{"rendered":"<p>Intervencijske enote: ogledi \u0161kodnih primerov,\u00a0 za\u0161\u010ditni ukrepi, moderacija, odvzem volkov in bla\u017eitev konflikta na kriti\u010dnih obmo\u010djih Napadi na \u017eivino so eden najpomembnej\u0161ih vzrokov za konflikt med \u010dlovekom in zvermi. Prepre\u010devanje \u0161kod je tako klju\u010dna naloga pri re\u0161evanju teh konfliktov. Dandanes volkovi ponovno poseljujejo dolo\u010dena obmo\u010dja, kjer dr\u017eave spodbujajo \u017eivinorejo (npr. v Alpah). Negativni odnos lokalnega [&hellip;]<\/p>\n","protected":false},"author":1,"featured_media":91,"parent":3304,"menu_order":0,"comment_status":"closed","ping_status":"closed","template":"page-templates\/activity-child.php","meta":{"_acf_changed":false,"footnotes":""},"class_list":["post-3319","page","type-page","status-publish","has-post-thumbnail","hentry"],"acf":[],"_links":{"self":[{"href":"https:\/\/www.lifewolfalps.eu\/sl\/wp-json\/wp\/v2\/pages\/3319","targetHints":{"allow":["GET"]}}],"collection":[{"href":"https:\/\/www.lifewolfalps.eu\/sl\/wp-json\/wp\/v2\/pages"}],"about":[{"href":"https:\/\/www.lifewolfalps.eu\/sl\/wp-json\/wp\/v2\/types\/page"}],"author":[{"embeddable":true,"href":"https:\/\/www.lifewolfalps.eu\/sl\/wp-json\/wp\/v2\/users\/1"}],"replies":[{"embeddable":true,"href":"https:\/\/www.lifewolfalps.eu\/sl\/wp-json\/wp\/v2\/comments?post=3319"}],"version-history":[{"count":3,"href":"https:\/\/www.lifewolfalps.eu\/sl\/wp-json\/wp\/v2\/pages\/3319\/revisions"}],"predecessor-version":[{"id":18369,"href":"https:\/\/www.lifewolfalps.eu\/sl\/wp-json\/wp\/v2\/pages\/3319\/revisions\/18369"}],"up":[{"embeddable":true,"href":"https:\/\/www.lifewolfalps.eu\/sl\/wp-json\/wp\/v2\/pages\/3304"}],"wp:featuredmedia":[{"embeddable":true,"href":"https:\/\/www.lifewolfalps.eu\/sl\/wp-json\/wp\/v2\/media\/91"}],"wp:attachment":[{"href":"https:\/\/www.lifewolfalps.eu\/sl\/wp-json\/wp\/v2\/media?parent=3319"}],"curies":[{"name":"wp","href":"https:\/\/api.w.org\/{rel}","templated":true}]}}