{"id":3285,"date":"2020-07-28T15:05:26","date_gmt":"2020-07-28T15:05:26","guid":{"rendered":"http:\/\/www.lifewolfalps.eu\/a\/a7\/"},"modified":"2020-10-07T12:31:49","modified_gmt":"2020-10-07T12:31:49","slug":"a7","status":"publish","type":"page","link":"https:\/\/www.lifewolfalps.eu\/sl\/aktivnosti\/a\/a7\/","title":{"rendered":"A.7"},"content":{"rendered":"\n<h4 class=\"wp-block-heading\"><strong><strong><strong><strong><strong><strong><strong><strong><strong>Vzpostavitev protokolov za prepre\u010ditev, spremljanje pojava in upravljanje nepla\u0161nih volkov<\/strong><\/strong><\/strong><\/strong><\/strong><\/strong><\/strong><\/strong><\/strong><\/h4>\n\n\n\n<p>Nepla\u0161ni volkovi so novo pomembno vpra\u0161anje, ki je \u0161e posebej prisotno na obmo\u010djih z ve\u010djo \u0161tevil\u010dnostjo volkov v zahodnih Alpah Italije in Francije ter na Apeninskem koridorju v Piemontu-Liguriji. Regija Piemonte bo \u0161e posebej vklju\u010dena v to akcijo, glede na lokalne potrebe in glede na pojav tropov volkov blizu Torina, Alessandrije in Mondove. Tu se odpirajo nova vpra\u0161anja o ohranjanju in upravljanju z volkom, ki jih bomo za\u010deli re\u0161evati s pripravo skupnih protokolov.<\/p>\n\n\n\n<p>Izvedba aktivnosti:<\/p>\n\n\n\n<ul class=\"wp-block-list\"><li>Prilagoditev protokola za nadzor in spremljanje stanja volkov za mestnih obmo\u010djih. Nadaljevanje akcije A5.<\/li><li>Poseben protokol strategij\u00a0 prepre\u010devanja\u00a0 konfliktov v mestnih obmo\u010djih. Nadaljevanje akcije A2.<\/li><li>Poseben protokol za prepoznavanje in opredelitev nepla\u0161nih volkov, glede na definicije, ki so jih razvili v LCIE (Large Carnivore Initiative for Europe) in ugotovitev akcije C5.<\/li><\/ul>\n\n\n\n<p>Izvedli bomo tudi kampanjo ozave\u0161\u010danja o tej temi z vklju\u010ditvijo lokalnih dele\u017enikov.<\/p>\n","protected":false},"excerpt":{"rendered":"<p>Vzpostavitev protokolov za prepre\u010ditev, spremljanje pojava in upravljanje nepla\u0161nih volkov Nepla\u0161ni volkovi so novo pomembno vpra\u0161anje, ki je \u0161e posebej prisotno na obmo\u010djih z ve\u010djo \u0161tevil\u010dnostjo volkov v zahodnih Alpah Italije in Francije ter na Apeninskem koridorju v Piemontu-Liguriji. Regija Piemonte bo \u0161e posebej vklju\u010dena v to akcijo, glede na lokalne potrebe in glede na [&hellip;]<\/p>\n","protected":false},"author":1,"featured_media":0,"parent":3216,"menu_order":0,"comment_status":"closed","ping_status":"closed","template":"page-templates\/activity-child.php","meta":{"_acf_changed":false,"footnotes":""},"class_list":["post-3285","page","type-page","status-publish","hentry"],"acf":[],"_links":{"self":[{"href":"https:\/\/www.lifewolfalps.eu\/sl\/wp-json\/wp\/v2\/pages\/3285","targetHints":{"allow":["GET"]}}],"collection":[{"href":"https:\/\/www.lifewolfalps.eu\/sl\/wp-json\/wp\/v2\/pages"}],"about":[{"href":"https:\/\/www.lifewolfalps.eu\/sl\/wp-json\/wp\/v2\/types\/page"}],"author":[{"embeddable":true,"href":"https:\/\/www.lifewolfalps.eu\/sl\/wp-json\/wp\/v2\/users\/1"}],"replies":[{"embeddable":true,"href":"https:\/\/www.lifewolfalps.eu\/sl\/wp-json\/wp\/v2\/comments?post=3285"}],"version-history":[{"count":3,"href":"https:\/\/www.lifewolfalps.eu\/sl\/wp-json\/wp\/v2\/pages\/3285\/revisions"}],"predecessor-version":[{"id":5953,"href":"https:\/\/www.lifewolfalps.eu\/sl\/wp-json\/wp\/v2\/pages\/3285\/revisions\/5953"}],"up":[{"embeddable":true,"href":"https:\/\/www.lifewolfalps.eu\/sl\/wp-json\/wp\/v2\/pages\/3216"}],"wp:attachment":[{"href":"https:\/\/www.lifewolfalps.eu\/sl\/wp-json\/wp\/v2\/media?parent=3285"}],"curies":[{"name":"wp","href":"https:\/\/api.w.org\/{rel}","templated":true}]}}