{"id":3238,"date":"2020-07-07T08:36:23","date_gmt":"2020-07-07T08:36:23","guid":{"rendered":"http:\/\/www.lifewolfalps.eu\/a\/a2\/"},"modified":"2022-08-10T12:35:03","modified_gmt":"2022-08-10T12:35:03","slug":"a2","status":"publish","type":"page","link":"https:\/\/www.lifewolfalps.eu\/sl\/aktivnosti\/a\/a2\/","title":{"rendered":"A.2"},"content":{"rendered":"\n<h4 class=\"wp-block-heading\"><strong><strong><strong>Ustanovitev in izobra\u017eevanje intervencijskih enot, ocena za\u010detne situacije in priprava delovne strategije<\/strong><\/strong><\/strong><\/h4>\n\n\n\n<p>\u0160koda na pa\u0161nih \u017eivalih je eden najpomembnej\u0161ih vzrokov za konflikt med ljudmi in velikimi zvermi, zaradi \u010desar je prepre\u010devanje \u0161kod klju\u010dnega pomena pri re\u0161evanju te\u017eav. Najprej bomo opisali konflikte za razumevanje mehanizmov napadov volkov na \u017eivino in opredelili dobre prakse preventivnih metod. Nato bomo ponudili prakti\u010dne re\u0161itve za razvoj intervencijskih enot za pomo\u010d pri prepre\u010devanju napadov volkov (WPIU &#8211; Wolf Prevention Intervention Units), ki jih bomo preizkusili in izvajali v vsaki dr\u017eavi, v okviru akcije C1.<\/p>\n\n\n\n<p>Koraki za izvedbo aktivnosti:<\/p>\n\n\n\n<ul class=\"wp-block-list\"><li>Za\u010detna ocena stanja, za&nbsp; usmeritev intervencij in ad hoc optimalnih preventivnih strategij.<\/li><li>Prenos najbolj\u0161ih praks in smernic za prepre\u010devanje napadov na govedo in ovce, razvitih v zahodnih italijanskih Alpah.<\/li><li>Razvoj novega u\u010dinkovitega preventivnega pristopa WPIU: model prve pomo\u010di, ki ga bomo preizkusili in uporabili v vsaki dr\u017eavi. Skupine WPIU bodo lokalno ustanovljene in usposobljene&nbsp; za hitro ukrepanje v primeru napada na pa\u0161ne \u017eivali. Uporabljali bodo optimalne preventivne strategije; promovirali pravilno uporabo pastirskih psov, zagotavljali administrativno pomo\u010d in delovali kot posredniki.<\/li><li>Oblikovanje WPIU za hitro ukrepanje v \u0161tirih dr\u017eavah.<\/li><li>Organizirali bomo te\u010daje in delavnice za \u010dlane skupin WPIU, ki posredujejo v \u0161kodnihin preventivnih primerih.<\/li><li>Ocenili bomo u\u010dinkovitost na\u010dina upravljanja s \u010dredo, dopolnjenega z uporabo za\u0161\u010ditnih ukrepov, in njihovo morebitno povezavo z WPIU.<\/li><\/ul>\n","protected":false},"excerpt":{"rendered":"<p>Ustanovitev in izobra\u017eevanje intervencijskih enot, ocena za\u010detne situacije in priprava delovne strategije \u0160koda na pa\u0161nih \u017eivalih je eden najpomembnej\u0161ih vzrokov za konflikt med ljudmi in velikimi zvermi, zaradi \u010desar je prepre\u010devanje \u0161kod klju\u010dnega pomena pri re\u0161evanju te\u017eav. Najprej bomo opisali konflikte za razumevanje mehanizmov napadov volkov na \u017eivino in opredelili dobre prakse preventivnih metod. Nato [&hellip;]<\/p>\n","protected":false},"author":1,"featured_media":0,"parent":3216,"menu_order":0,"comment_status":"closed","ping_status":"closed","template":"page-templates\/activity-child.php","meta":{"_acf_changed":false,"footnotes":""},"class_list":["post-3238","page","type-page","status-publish","hentry"],"acf":[],"_links":{"self":[{"href":"https:\/\/www.lifewolfalps.eu\/sl\/wp-json\/wp\/v2\/pages\/3238","targetHints":{"allow":["GET"]}}],"collection":[{"href":"https:\/\/www.lifewolfalps.eu\/sl\/wp-json\/wp\/v2\/pages"}],"about":[{"href":"https:\/\/www.lifewolfalps.eu\/sl\/wp-json\/wp\/v2\/types\/page"}],"author":[{"embeddable":true,"href":"https:\/\/www.lifewolfalps.eu\/sl\/wp-json\/wp\/v2\/users\/1"}],"replies":[{"embeddable":true,"href":"https:\/\/www.lifewolfalps.eu\/sl\/wp-json\/wp\/v2\/comments?post=3238"}],"version-history":[{"count":3,"href":"https:\/\/www.lifewolfalps.eu\/sl\/wp-json\/wp\/v2\/pages\/3238\/revisions"}],"predecessor-version":[{"id":18370,"href":"https:\/\/www.lifewolfalps.eu\/sl\/wp-json\/wp\/v2\/pages\/3238\/revisions\/18370"}],"up":[{"embeddable":true,"href":"https:\/\/www.lifewolfalps.eu\/sl\/wp-json\/wp\/v2\/pages\/3216"}],"wp:attachment":[{"href":"https:\/\/www.lifewolfalps.eu\/sl\/wp-json\/wp\/v2\/media?parent=3238"}],"curies":[{"name":"wp","href":"https:\/\/api.w.org\/{rel}","templated":true}]}}