{"id":7740,"date":"2020-09-14T15:40:41","date_gmt":"2020-09-14T15:40:41","guid":{"rendered":"https:\/\/www.lifewolfalps.eu\/il-lupo-sulle-alpi\/il-lupo-in-slovenia\/"},"modified":"2021-01-13T16:13:48","modified_gmt":"2021-01-13T16:13:48","slug":"le-loup-en-slovenie","status":"publish","type":"page","link":"https:\/\/www.lifewolfalps.eu\/fr\/le-loup-dans-les-alpes\/le-loup-en-slovenie\/","title":{"rendered":"Le loup en Slov\u00e9nie"},"content":{"rendered":"\n<h4 class=\"wp-block-heading\"><strong><strong>Le contexte historique et l\u2019\u00e9volution de la population jusqu\u2019\u00e0 2020<\/strong><\/strong><\/h4>\n\n\n\n<p>Contrairement \u00e0 d&rsquo;autres pays europ\u00e9ens, les loups n&rsquo;ont jamais compl\u00e8tement disparu du territoire slov\u00e8ne. Au cours des d\u00e9cennies de pers\u00e9cution syst\u00e9matique de l&rsquo;esp\u00e8ce aux XVIIIe et XIXe si\u00e8cles, les loups ont surv\u00e9cu dans les r\u00e9gions les plus recul\u00e9es des montagnes dinariques. Apr\u00e8s la fin de la Premi\u00e8re Guerre mondiale et pendant la Seconde Guerre mondiale, la population de loups en Slov\u00e9nie a commenc\u00e9 \u00e0 se d\u00e9velopper. Mais cette expansion fut de courte dur\u00e9e, car la pers\u00e9cution syst\u00e9matique des loups reprit peu apr\u00e8s la fin de la Seconde Guerre mondiale. Bien que les primes pour tuer les loups aient \u00e9t\u00e9 abolies et que la chasse ait \u00e9t\u00e9 r\u00e9glement\u00e9e dans les ann\u00e9es 70, dans les ann\u00e9es 80, il restait peu d&rsquo;individus en Slov\u00e9nie. \u00c0 partir de 1993, lorsque le loup est devenu une esp\u00e8ce prot\u00e9g\u00e9e tout au long de l&rsquo;ann\u00e9e (et donc plus chassable), la troisi\u00e8me phase d\u2019expansion de l&rsquo;esp\u00e8ce dans les montagnes dinariques a d\u00e9but\u00e9 : la population a commenc\u00e9 \u00e0 augmenter et \u00e0 recoloniser certains de ses habitats historiques.<\/p>\n\n\n\n<p>Le suivi syst\u00e9matique des loups \u2013 bas\u00e9 sur l&rsquo;analyse mol\u00e9culaire d&rsquo;\u00e9chantillons g\u00e9n\u00e9tiques pr\u00e9lev\u00e9s selon des m\u00e9thodes non invasives, sur des mod\u00e8les de capture-recapture g\u00e9n\u00e9tique et sur la d\u00e9tection syst\u00e9matique de la pr\u00e9sence de louveteaux par des hurlements provoqu\u00e9s \u2013&nbsp; a d\u00e9but\u00e9 en 2010. Entre cette ann\u00e9e et 2011, le nombre estim\u00e9 de loups en Slov\u00e9nie \u00e9tait de 34 \u00e0 42 individus. Depuis lors, l&rsquo;expansion et la croissance de la population dans le pays sont bien document\u00e9es. La derni\u00e8re estimation de la population remonte \u00e0 la saison 2018-2019 et donne un effectif total de 86 \u00e0 110 loups (\u00e0 l&rsquo;exclusion des individus transfronti\u00e8res) formant 14 meutes en Slov\u00e9nie.&nbsp;<\/p>\n\n\n\n<p>Au d\u00e9but de la troisi\u00e8me phase d&rsquo;expansion de la population de loups en Slov\u00e9nie, la pr\u00e9sence des meutes se limitait au sud et \u00e0 l&rsquo;ouest du pays. Le suivi syst\u00e9matique de l&rsquo;esp\u00e8ce depuis 1993 n&rsquo;avait document\u00e9 jusqu\u2019\u00e0 r\u00e9cemment qu\u2019une pr\u00e9sence sporadique d&rsquo;animaux isol\u00e9s dans les r\u00e9gions pr\u00e9alpines et alpines du pays. Mais au cours des saisons de 2018-2019 et 2019-2020, une expansion rapide de la r\u00e9partition g\u00e9ographique de la population slov\u00e8ne a \u00e9t\u00e9 constat\u00e9e. Trois couples ont \u00e9t\u00e9 signal\u00e9s dans les r\u00e9gions alpines et pr\u00e9alpines du pays, et trois meutes nouvellement \u00e9tablies ont \u00e9t\u00e9 d\u00e9tect\u00e9es lors des s\u00e9ances de hurlement provoqu\u00e9 en 2019. C&rsquo;est le d\u00e9but du retour du loup dans une r\u00e9gion dont il avait disparu entre la fin du XIXe si\u00e8cle et le d\u00e9but du XXe si\u00e8cle.<\/p>\n\n\n\n<h4 class=\"wp-block-heading\"><strong><strong>Questions en suspens\u00a0<\/strong><\/strong><\/h4>\n\n\n\n<p>En Slov\u00e9nie, comme dans d&rsquo;autres pays qui abritent des populations de loups stables, les principaux probl\u00e8mes associ\u00e9s \u00e0 ce pr\u00e9dateur sont les dommages caus\u00e9s aux troupeaux domestiques et, dans une moindre mesure, la concurrence avec les chasseurs pour les proies naturelles, principalement les ongul\u00e9s sauvages. <\/p>\n\n\n\n<p>Le niveau de dommages aux troupeaux fluctue p\u00e9riodiquement. Au cours de la premi\u00e8re moiti\u00e9 de la derni\u00e8re d\u00e9cennie, les dommages caus\u00e9s par les loups ont diminu\u00e9, mais depuis 2017, le nombre d&rsquo;attaques contre les animaux domestiques (en particulier les moutons et les ch\u00e8vres) a augment\u00e9. Ces derni\u00e8res ann\u00e9es, les dommages caus\u00e9s par les loups aux animaux de plus grande taille (en particulier les bovins) ont \u00e9galement augment\u00e9, ce qui pose probl\u00e8me car la plupart des mesures de pr\u00e9vention des dommages utilis\u00e9es en Slov\u00e9nie ont \u00e9t\u00e9 test\u00e9es et d\u00e9velopp\u00e9es pour la d\u00e9fense du petit b\u00e9tail.<\/p>\n\n\n\n<p>En plus, l&rsquo;expansion spatiale du loup dans les r\u00e9gions pr\u00e9alpines et alpines repr\u00e9sente un nouveau d\u00e9fi pour la protection des grands troupeaux qui y p\u00e2turent, en particulier dans les zones qui sont \u00e9galement une ressource touristique importante. Le retour des loups dans les r\u00e9gions alpines a en outre suscit\u00e9 de vifs sentiments de peur dans les communaut\u00e9s locales qui n&rsquo;\u00e9taient pas habitu\u00e9es \u00e0 la pr\u00e9sence stable du pr\u00e9dateur. Enfin, outre le braconnage, une menace \u00e9mergente pour la population de loups slov\u00e8nes est l&rsquo;hybridation entre les loups et les chiens. Bien que ce ph\u00e9nom\u00e8ne ne soit pas aussi grave que dans d&rsquo;autres pays \u00e0 l\u2019heure actuelle, deux meutes avec des port\u00e9es hybrides de loups-chiens ont r\u00e9cemment \u00e9t\u00e9 identifi\u00e9es dans le pays.\u00a0<\/p>\n\n\n\n<h4 class=\"wp-block-heading\"><strong><strong>La protection et la gestion de l\u2019esp\u00e8ce<\/strong><\/strong><\/h4>\n\n\n\n<p>Le loup est une esp\u00e8ce strictement prot\u00e9g\u00e9e en Slov\u00e9nie, mais des d\u00e9rogations \u00e0 ce statut sont exceptionnellement autoris\u00e9es pour r\u00e9duire les conflits avec l\u2019\u00e9levage. Les dispositions relatives \u00e0 la protection du loup sont incluses dans la l\u00e9gislation slov\u00e8ne dans la loi sur la conservation de la nature, la loi sur la protection de l&rsquo;environnement, la loi sur la chasse et la loi sur les for\u00eats. Depuis 2015, le minist\u00e8re slov\u00e8ne de l&rsquo;Environnement finance le suivi des loups, indemnise les \u00e9leveurs pour les dommages caus\u00e9s par le pr\u00e9dateur et finance les mesures de pr\u00e9vention.<\/p>\n","protected":false},"excerpt":{"rendered":"<p>Le contexte historique et l\u2019\u00e9volution de la population jusqu\u2019\u00e0 2020 Contrairement \u00e0 d&rsquo;autres pays europ\u00e9ens, les loups n&rsquo;ont jamais compl\u00e8tement disparu du territoire slov\u00e8ne. Au cours des d\u00e9cennies de pers\u00e9cution syst\u00e9matique de l&rsquo;esp\u00e8ce aux XVIIIe et XIXe si\u00e8cles, les loups ont surv\u00e9cu dans les r\u00e9gions les plus recul\u00e9es des montagnes dinariques. Apr\u00e8s la fin de [&hellip;]<\/p>\n","protected":false},"author":2,"featured_media":5317,"parent":4228,"menu_order":0,"comment_status":"closed","ping_status":"closed","template":"page-templates\/il-lupo-sulle-alpi-child.php","meta":{"_acf_changed":false,"footnotes":""},"class_list":["post-7740","page","type-page","status-publish","has-post-thumbnail","hentry"],"acf":[],"_links":{"self":[{"href":"https:\/\/www.lifewolfalps.eu\/fr\/wp-json\/wp\/v2\/pages\/7740","targetHints":{"allow":["GET"]}}],"collection":[{"href":"https:\/\/www.lifewolfalps.eu\/fr\/wp-json\/wp\/v2\/pages"}],"about":[{"href":"https:\/\/www.lifewolfalps.eu\/fr\/wp-json\/wp\/v2\/types\/page"}],"author":[{"embeddable":true,"href":"https:\/\/www.lifewolfalps.eu\/fr\/wp-json\/wp\/v2\/users\/2"}],"replies":[{"embeddable":true,"href":"https:\/\/www.lifewolfalps.eu\/fr\/wp-json\/wp\/v2\/comments?post=7740"}],"version-history":[{"count":2,"href":"https:\/\/www.lifewolfalps.eu\/fr\/wp-json\/wp\/v2\/pages\/7740\/revisions"}],"predecessor-version":[{"id":7742,"href":"https:\/\/www.lifewolfalps.eu\/fr\/wp-json\/wp\/v2\/pages\/7740\/revisions\/7742"}],"up":[{"embeddable":true,"href":"https:\/\/www.lifewolfalps.eu\/fr\/wp-json\/wp\/v2\/pages\/4228"}],"wp:featuredmedia":[{"embeddable":true,"href":"https:\/\/www.lifewolfalps.eu\/fr\/wp-json\/wp\/v2\/media\/5317"}],"wp:attachment":[{"href":"https:\/\/www.lifewolfalps.eu\/fr\/wp-json\/wp\/v2\/media?parent=7740"}],"curies":[{"name":"wp","href":"https:\/\/api.w.org\/{rel}","templated":true}]}}