{"id":7674,"date":"2020-07-31T13:08:36","date_gmt":"2020-07-31T13:08:36","guid":{"rendered":"https:\/\/www.lifewolfalps.eu\/azioni\/c\/c6\/"},"modified":"2020-12-28T10:57:06","modified_gmt":"2020-12-28T10:57:06","slug":"c6","status":"publish","type":"page","link":"https:\/\/www.lifewolfalps.eu\/fr\/actions\/c\/c6\/","title":{"rendered":"C.6"},"content":{"rendered":"\n<h4 class=\"wp-block-heading\">C6.1 <strong>Diminution de la fragmentation de l\u2019habitat et de la mortalit\u00e9 li\u00e9e au trafic routier<\/strong><\/h4>\n\n\n\n<p>Les infrastructures routi\u00e8res et ferroviaires diminuent la qualit\u00e9 et la quantit\u00e9 des habitats de la faune sauvage, en augmentent la mortalit\u00e9 en raison des accidents de la circulation automobile et en contribuant \u00e0 la fragmentation des habitats et des populations d&rsquo;esp\u00e8ces. Dans le premier projet LIFE WOLFALPS, une \u00e9tude sur cette question a document\u00e9 que le probl\u00e8me affecte particuli\u00e8rement les loups dans la vall\u00e9e de Valle Susa (Italie).<\/p>\n\n\n\n<p>L&rsquo;action sera donc d\u00e9velopp\u00e9e avec les activit\u00e9s suivantes :<\/p>\n\n\n\n<ul class=\"wp-block-list\"><li>Evaluation des \u00e9tudes pr\u00e9c\u00e9dentes et des nouvelles donn\u00e9es collect\u00e9es pour identifier les corridors utilis\u00e9s par la faune ;<\/li><li>Table ronde de travail avec les parties prenantes impliqu\u00e9es dans la construction et l&rsquo;entretien des routes et des voies ferr\u00e9es pour d\u00e9cider des nouvelles interventions et de l&rsquo;entretien des infrastructures existantes ;<\/li><li>Planification des travaux d&rsquo;att\u00e9nuation des infrastructures lin\u00e9aires pour r\u00e9duire l&rsquo;impact de la fragmentation territoriale sur la faune ;<\/li><li>Interventions directes et mise en \u0153uvre de mesures d&rsquo;att\u00e9nuation. En d\u00e9tail :<ul><li>Nettoyage des passages souterrains existants et am\u00e9lioration de leur insertion environnementale<\/li><li>Installation de filets pour diriger les loups \u00e0 travers les sections \u00e0 plus grande perm\u00e9abilit\u00e9<\/li><li>V\u00e9rification de l&rsquo;\u00e9tat d&rsquo;entretien des filets de protection de l&rsquo;autoroute<\/li><li>Mise en place de panneaux de signalisation pour alerter les conducteurs<\/li><li>Mise en place de bornes optiques r\u00e9fl\u00e9chissantes (sur au moins 10 km) Cr\u00e9ation d\u2019une application mobile qui signale les tron\u00e7ons de route les plus \u00e0 risque de collision avec la faune<\/li><\/ul><\/li><\/ul>\n\n\n\n<ul class=\"wp-block-list\"><li>Mise \u00e0 jour constante sur les 5 ans du projet de la base de donn\u00e9es sur les accidents routiers et ferroviaires impliquant des ongul\u00e9s et des loups pour les communes de l&rsquo;Alta Valle di Susa ;<\/li><li>\u00a0Mise en place de campagnes de sensibilisation pour pr\u00e9venir les accidents et sensibiliser aux risques de collisions avec la faune sauvage et les loups.<\/li><\/ul>\n\n\n\n<h4 class=\"wp-block-heading\"><strong>C6.2 <strong><strong>Diminution de la perte d&rsquo;habitat et int\u00e9gration des besoins d&rsquo;habitat de reproduction du loup dans la planification spatiale<\/strong><\/strong><\/strong><\/h4>\n\n\n\n<p>Les sites de reproduction du loup (tani\u00e8res et sites de rendez-vous) sont les zones les plus d\u00e9licates pour l&rsquo;esp\u00e8ce. Un moyen efficace de pr\u00e9server la connectivit\u00e9 et de r\u00e9duire la perte d&rsquo;habitat est de r\u00e9glementer le d\u00e9veloppement des activit\u00e9s humaines dans certaines zones qui sont particuli\u00e8rement importantes comme sites de reproduction de l\u2019esp\u00e8ce et fournir des informations dans ce sens lors des \u00e9tudes d&rsquo;impact sur l&rsquo;environnement (EIE).<\/p>\n\n\n\n<p>Ici, nous aimerions mettre en pratique les connaissances et les mesures d\u00e9velopp\u00e9es dans le premier LIFE WOLFALPS pour d\u00e9velopper une m\u00e9thode conviviale d\u2019\u00e9tude d&rsquo;impact sur l&rsquo;environnement: un manuel de lignes directrices qui sera utilis\u00e9 pour les \u00e9tudes d\u2019impact sur l\u2019environnement dans les zones de pr\u00e9sence de loups. Nous organiserons des s\u00e9minaires \u00e9ducatifs en Italie, dans chacune des r\u00e9gions concern\u00e9es (Pi\u00e9mont, Lombardie, Ligurie, Valle Aosta), ainsi que pour les urbanistes et les entreprises qui effectuent des \u00e9valuations et des \u00e9tudes d&rsquo;impact environnemental. Lors du s\u00e9minaire, les experts pr\u00e9senteront et expliqueront les grands principes d\u2019un am\u00e9nagement du territoire qui soit respectueux de la pr\u00e9sence du loup.<\/p>\n","protected":false},"excerpt":{"rendered":"<p>C6.1 Diminution de la fragmentation de l\u2019habitat et de la mortalit\u00e9 li\u00e9e au trafic routier Les infrastructures routi\u00e8res et ferroviaires diminuent la qualit\u00e9 et la quantit\u00e9 des habitats de la faune sauvage, en augmentent la mortalit\u00e9 en raison des accidents de la circulation automobile et en contribuant \u00e0 la fragmentation des habitats et des populations [&hellip;]<\/p>\n","protected":false},"author":1,"featured_media":0,"parent":7671,"menu_order":0,"comment_status":"closed","ping_status":"closed","template":"page-templates\/activity-child.php","meta":{"_acf_changed":false,"footnotes":""},"class_list":["post-7674","page","type-page","status-publish","hentry"],"acf":[],"_links":{"self":[{"href":"https:\/\/www.lifewolfalps.eu\/fr\/wp-json\/wp\/v2\/pages\/7674","targetHints":{"allow":["GET"]}}],"collection":[{"href":"https:\/\/www.lifewolfalps.eu\/fr\/wp-json\/wp\/v2\/pages"}],"about":[{"href":"https:\/\/www.lifewolfalps.eu\/fr\/wp-json\/wp\/v2\/types\/page"}],"author":[{"embeddable":true,"href":"https:\/\/www.lifewolfalps.eu\/fr\/wp-json\/wp\/v2\/users\/1"}],"replies":[{"embeddable":true,"href":"https:\/\/www.lifewolfalps.eu\/fr\/wp-json\/wp\/v2\/comments?post=7674"}],"version-history":[{"count":2,"href":"https:\/\/www.lifewolfalps.eu\/fr\/wp-json\/wp\/v2\/pages\/7674\/revisions"}],"predecessor-version":[{"id":7676,"href":"https:\/\/www.lifewolfalps.eu\/fr\/wp-json\/wp\/v2\/pages\/7674\/revisions\/7676"}],"up":[{"embeddable":true,"href":"https:\/\/www.lifewolfalps.eu\/fr\/wp-json\/wp\/v2\/pages\/7671"}],"wp:attachment":[{"href":"https:\/\/www.lifewolfalps.eu\/fr\/wp-json\/wp\/v2\/media?parent=7674"}],"curies":[{"name":"wp","href":"https:\/\/api.w.org\/{rel}","templated":true}]}}