{"id":7643,"date":"2020-07-28T15:05:26","date_gmt":"2020-07-28T15:05:26","guid":{"rendered":"https:\/\/www.lifewolfalps.eu\/azioni\/a\/a7\/"},"modified":"2020-12-28T10:14:12","modified_gmt":"2020-12-28T10:14:12","slug":"a7","status":"publish","type":"page","link":"https:\/\/www.lifewolfalps.eu\/fr\/actions\/a\/a7\/","title":{"rendered":"A.7"},"content":{"rendered":"\n<h4 class=\"wp-block-heading\"><strong><strong><strong><strong><strong><strong><strong>Loups dans les zones de plaine et de colline : \u00e9laboration de protocoles sp\u00e9cifiques pour la pr\u00e9vention, la surveillance et \u00e9ventuellement la gestion des loups hardis<\/strong><\/strong><\/strong><\/strong><\/strong><\/strong><\/strong><\/h4>\n\n\n\n<p>La pr\u00e9sence de loups dans les zones de collines et de plaines est <strong>un \u00e9l\u00e9ment nouveau <\/strong>qui commence \u00e0 appara\u00eetre surtout dans les zones \u00e0 plus forte densit\u00e9 de population dans les Alpes occidentales italiennes et fran\u00e7aises et dans le corridor Apennin liguro-pi\u00e9montais. La r\u00e9gion du Pi\u00e9mont sera particuli\u00e8rement impliqu\u00e9e dans cette action, \u00e9tant donn\u00e9 l&rsquo;importance locale du ph\u00e9nom\u00e8ne des loups dans les plaines avec l&rsquo;apparition r\u00e9cente de nouvelles meutes stables \u00e0 proximit\u00e9 des villes de Turin, d\u2019Alessandria et de Mondov\u00ec. Ce contexte fait \u00e9merger de nouveaux probl\u00e8mes de conservation et de gestion pour la coexistence loup-homme, qui ne seront r\u00e9solus qu\u2019avec le d\u00e9veloppement d&rsquo;outils de gestion sp\u00e9cifiques avec des protocoles partag\u00e9s.<\/p>\n\n\n\n<p>Seront r\u00e9alis\u00e9s :<\/p>\n\n\n\n<ul class=\"wp-block-list\"><li>Un protocole sp\u00e9cifique des strat\u00e9gies de surveillance et de suivi adapt\u00e9 au milieux urbains, en lien avec l&rsquo;action A.5 ;<\/li><li>Un protocole sp\u00e9cifique des strat\u00e9gies de pr\u00e9vention adapt\u00e9 au milieux urbains, en lien avec l&rsquo;action A.2 ;<\/li><li>n protocole sp\u00e9cifique pour l&rsquo;identification et la d\u00e9finition des loups hardis, compte tenu de la d\u00e9finition d\u00e9velopp\u00e9e \u00e0 cet \u00e9gard par l&rsquo;Initiative pour les Grands Carnivores de l&rsquo;Europe (LCIE) (en lien avec l&rsquo;action C.5) ;<\/li><\/ul>\n\n\n\n<p>Nous r\u00e9aliserons une campagne de communication et de sensibilisation sur le th\u00e8me des loups dans ces nouveaux territoires, avec l&rsquo;implication des administrateurs et des acteurs locaux.<\/p>\n","protected":false},"excerpt":{"rendered":"<p>Loups dans les zones de plaine et de colline : \u00e9laboration de protocoles sp\u00e9cifiques pour la pr\u00e9vention, la surveillance et \u00e9ventuellement la gestion des loups hardis La pr\u00e9sence de loups dans les zones de collines et de plaines est un \u00e9l\u00e9ment nouveau qui commence \u00e0 appara\u00eetre surtout dans les zones \u00e0 plus forte densit\u00e9 de [&hellip;]<\/p>\n","protected":false},"author":1,"featured_media":0,"parent":3219,"menu_order":0,"comment_status":"closed","ping_status":"closed","template":"page-templates\/activity-child.php","meta":{"_acf_changed":false,"footnotes":""},"class_list":["post-7643","page","type-page","status-publish","hentry"],"acf":[],"_links":{"self":[{"href":"https:\/\/www.lifewolfalps.eu\/fr\/wp-json\/wp\/v2\/pages\/7643","targetHints":{"allow":["GET"]}}],"collection":[{"href":"https:\/\/www.lifewolfalps.eu\/fr\/wp-json\/wp\/v2\/pages"}],"about":[{"href":"https:\/\/www.lifewolfalps.eu\/fr\/wp-json\/wp\/v2\/types\/page"}],"author":[{"embeddable":true,"href":"https:\/\/www.lifewolfalps.eu\/fr\/wp-json\/wp\/v2\/users\/1"}],"replies":[{"embeddable":true,"href":"https:\/\/www.lifewolfalps.eu\/fr\/wp-json\/wp\/v2\/comments?post=7643"}],"version-history":[{"count":2,"href":"https:\/\/www.lifewolfalps.eu\/fr\/wp-json\/wp\/v2\/pages\/7643\/revisions"}],"predecessor-version":[{"id":7645,"href":"https:\/\/www.lifewolfalps.eu\/fr\/wp-json\/wp\/v2\/pages\/7643\/revisions\/7645"}],"up":[{"embeddable":true,"href":"https:\/\/www.lifewolfalps.eu\/fr\/wp-json\/wp\/v2\/pages\/3219"}],"wp:attachment":[{"href":"https:\/\/www.lifewolfalps.eu\/fr\/wp-json\/wp\/v2\/media?parent=7643"}],"curies":[{"name":"wp","href":"https:\/\/api.w.org\/{rel}","templated":true}]}}