{"id":7356,"date":"2020-07-07T08:36:23","date_gmt":"2020-07-07T08:36:23","guid":{"rendered":"https:\/\/www.lifewolfalps.eu\/azioni\/a\/a2\/"},"modified":"2020-12-10T14:15:29","modified_gmt":"2020-12-10T14:15:29","slug":"a2","status":"publish","type":"page","link":"https:\/\/www.lifewolfalps.eu\/fr\/actions\/a\/a2\/","title":{"rendered":"A.2"},"content":{"rendered":"\n<h4 class=\"wp-block-heading\"><strong><strong>Mise en place et formation d&rsquo;\u00e9quipes d&rsquo;urgence pour la pr\u00e9vention des attaques de loups : \u00e9valuation de la situation initiale et strat\u00e9gie op\u00e9rationnelle<\/strong><\/strong><\/h4>\n\n\n\n<p>Les dommages caus\u00e9s au troupeaux domestiques sont l&rsquo;une des causes les plus importantes des conflits humains-carnivores.<strong> La pr\u00e9vention est de ce fait un \u00e9l\u00e9ment crucial pour la r\u00e9solution de ces probl\u00e8mes. <\/strong>Nous allons d&rsquo;abord caract\u00e9riser les conditions de ces conflits, comprendre les m\u00e9canismes d&rsquo;attaque des loups sur le b\u00e9tail et identifier les bonnes pratiques d\u2019application des m\u00e9thodes pr\u00e9ventives. Nous apporterons ensuite des solutions pratiques en mettant en place des unit\u00e9s d\u2019intervention d&rsquo;urgence pour la pr\u00e9vention des attaques de loups (WPIU) dans chaque pays. Leur mise en place concr\u00e8te se poursuivra dans l\u2019action C.1.<\/p>\n\n\n\n<p><strong>\u00c9tapes de mise en \u0153uvre:<\/strong><\/p>\n\n\n\n<ul class=\"wp-block-list\"><li>\u00c9valuation initiale de la situation pour se concentrer sur les interventions et les strat\u00e9gies pr\u00e9ventives optimales <em>ad hoc<\/em><\/li><li>Pr\u00e9vention : transfert des meilleures pratiques et des lignes directrices concernant les bovins et les ovins, d\u00e9velopp\u00e9es dans les Alpes italiennes occidentales<\/li><li>D\u00e9veloppement d\u2019une approche nouvelle et efficace de pr\u00e9vention des WPIU : un mod\u00e8le d\u2019intervention en urgence \u00e0 tester et \u00e0 mettre en \u0153uvre dans chaque pays ; les WPIU seront form\u00e9s et \u00e9tablis localement pour agir en cas de d\u00e9pr\u00e9dation du b\u00e9tail et pour mettre rapidement en application des outils de pr\u00e9vention ; ils utiliseront des strat\u00e9gies pr\u00e9ventives optimales <em>ad hoc<\/em>, fourniront une assistance administrative et des informations relatives aux aides si \u00e9ligibilit\u00e9<\/li><li>Cr\u00e9ation du WPIU d\u2019intervention en urgence dans les quatre pays<\/li><li>Organisation de formations et d\u2019ateliers afin de pr\u00e9parer les op\u00e9rateurs du WPIU \u00e0 intervenir en cas de dommages et pour la pr\u00e9vention<\/li><li>\u00c9valuation sp\u00e9cifique de la gestion du b\u00e9tail et des troupeaux afin de compl\u00e9ter les mesures de protection et leur utilisation possible par le WPIU<\/li><\/ul>\n","protected":false},"excerpt":{"rendered":"<p>Mise en place et formation d&rsquo;\u00e9quipes d&rsquo;urgence pour la pr\u00e9vention des attaques de loups : \u00e9valuation de la situation initiale et strat\u00e9gie op\u00e9rationnelle Les dommages caus\u00e9s au troupeaux domestiques sont l&rsquo;une des causes les plus importantes des conflits humains-carnivores. La pr\u00e9vention est de ce fait un \u00e9l\u00e9ment crucial pour la r\u00e9solution de ces probl\u00e8mes. Nous [&hellip;]<\/p>\n","protected":false},"author":1,"featured_media":0,"parent":3219,"menu_order":0,"comment_status":"closed","ping_status":"closed","template":"page-templates\/activity-child.php","meta":{"_acf_changed":false,"footnotes":""},"class_list":["post-7356","page","type-page","status-publish","hentry"],"acf":[],"_links":{"self":[{"href":"https:\/\/www.lifewolfalps.eu\/fr\/wp-json\/wp\/v2\/pages\/7356","targetHints":{"allow":["GET"]}}],"collection":[{"href":"https:\/\/www.lifewolfalps.eu\/fr\/wp-json\/wp\/v2\/pages"}],"about":[{"href":"https:\/\/www.lifewolfalps.eu\/fr\/wp-json\/wp\/v2\/types\/page"}],"author":[{"embeddable":true,"href":"https:\/\/www.lifewolfalps.eu\/fr\/wp-json\/wp\/v2\/users\/1"}],"replies":[{"embeddable":true,"href":"https:\/\/www.lifewolfalps.eu\/fr\/wp-json\/wp\/v2\/comments?post=7356"}],"version-history":[{"count":1,"href":"https:\/\/www.lifewolfalps.eu\/fr\/wp-json\/wp\/v2\/pages\/7356\/revisions"}],"predecessor-version":[{"id":7358,"href":"https:\/\/www.lifewolfalps.eu\/fr\/wp-json\/wp\/v2\/pages\/7356\/revisions\/7358"}],"up":[{"embeddable":true,"href":"https:\/\/www.lifewolfalps.eu\/fr\/wp-json\/wp\/v2\/pages\/3219"}],"wp:attachment":[{"href":"https:\/\/www.lifewolfalps.eu\/fr\/wp-json\/wp\/v2\/media?parent=7356"}],"curies":[{"name":"wp","href":"https:\/\/api.w.org\/{rel}","templated":true}]}}