{"id":6905,"date":"2020-08-11T14:16:34","date_gmt":"2020-08-11T14:16:34","guid":{"rendered":"https:\/\/www.lifewolfalps.eu\/il-lupo-sulle-alpi\/the-wolf-in-the-italian-alps\/"},"modified":"2020-12-28T11:32:57","modified_gmt":"2020-12-28T11:32:57","slug":"le-loup-dans-les-alpes-italiennes","status":"publish","type":"page","link":"https:\/\/www.lifewolfalps.eu\/fr\/le-loup-dans-les-alpes\/le-loup-dans-les-alpes-italiennes\/","title":{"rendered":"Le loup dans les Alpes italiennes"},"content":{"rendered":"\n<h4 class=\"wp-block-heading\"><strong><strong><strong>L<\/strong><\/strong><\/strong>e retour naturel du loup et l\u2019\u00e9volution de la population jusqu\u2019\u00e0 2020<\/h4>\n\n\n\n<p>Une pers\u00e9cution acharn\u00e9e a conduit \u00e0 l&rsquo;extinction du loup dans les Alpes italiennes au d\u00e9but du XXe si\u00e8cle. Dans les Alpes occidentales, le r\u00e9tablissement naturel de l&rsquo;esp\u00e8ce a commenc\u00e9 dans les ann\u00e9es 1990: en 1996-97, les premi\u00e8res meutes transfrontali\u00e8res entre l&rsquo;Italie et la France y ont \u00e9t\u00e9 document\u00e9es. Bien que le braconnage soit toujours un ph\u00e9nom\u00e8ne pr\u00e9sent et localement probl\u00e9matique, la tendance de la population de loups dans les r\u00e9gions alpines a \u00e9t\u00e9 positive au cours des vingt derni\u00e8res ann\u00e9es. En 2017-2018, la population de loups des Alpes italiennes a atteint un total de 51 meutes de loups stables pour un minimum de 293 loups, dont la plupart se trouvent dans les Alpes occidentales. La partie centre-est de la population, originaire en grande partie du premier couple form\u00e9 en Lessinia en 2012 , est en plein essor.&nbsp;<\/p>\n\n\n\n<p>La r\u00e9gion alpine italienne est actuellement importante en tant que site de connexion entre la population de loups italiens des Apennins et la population de loups des Alpes dinariques (Slov\u00e9nie, Croatie). Le retour naturel de l&rsquo;esp\u00e8ce se produit principalement dans les zones rurales et de montagne \u2013 o\u00f9 l&rsquo;\u00e9levage de troupeaux domestiques est plus ou moins intense et impact\u00e9 par le pr\u00e9dateur \u2013 mais r\u00e9cemment, elle s&rsquo;\u00e9tend \u00e9galement sur des zones de collines et de plaine.<\/p>\n\n\n\n<h4 class=\"wp-block-heading\"><strong>Les principaux d\u00e9fis et menaces pour la conservation du loup<\/strong><\/h4>\n\n\n\n<p>Les interactions entre la pr\u00e9sence du loup et l&rsquo;activit\u00e9 d&rsquo;\u00e9levage ont toujours \u00e9t\u00e9 la principale source de conflit entre le loup et l\u2019homme : il est fondamental d&rsquo;investir localement dans des syst\u00e8mes de pr\u00e9vention contre les attaques aux troupeaux et soutenir le travail des \u00e9leveurs et des bergers afin de promouvoir la coexistence entre le loup et les activit\u00e9s humaines. R\u00e9cemment, m\u00eame les zones vallonn\u00e9es, de plaine et plus peupl\u00e9es voient le retour naturel du pr\u00e9dateur, ce qui g\u00e9n\u00e8re de nouveaux probl\u00e8mes li\u00e9s notamment \u00e0 la peur, mais qui peuvent \u00eatre r\u00e9solus avec des informations ad\u00e9quates.<\/p>\n\n\n\n<h4 class=\"wp-block-heading\"><strong><strong><strong>La protection et la gestion de l\u2019esp\u00e8ce<\/strong><\/strong><\/strong><\/h4>\n\n\n\n<p>Le loup est une esp\u00e8ce strictement prot\u00e9g\u00e9e en Italie selon la Convention de Berne (1979) et la Directive Habitats de l&rsquo;UE (1992) sur la conservation des habitats naturels et de la faune et de la flore sauvages, deux textes communautaires qui ont \u00e9t\u00e9 traduits en droit italien. L&rsquo;Italie travaille sur un nouveau plan de gestion national pour l&rsquo;esp\u00e8ce depuis 2015, mais il n&rsquo;est pas encore entr\u00e9 en vigueur. Ce n&rsquo;est qu&rsquo;\u00e0 partir de 2020 que le minist\u00e8re italien de l&rsquo;Environnement a donn\u00e9 mandat \u00e0 ISPRA (en fran\u00e7ais, l\u2019Institut Sup\u00e9rieur pour la Protection et la Recherche Environnementales)&nbsp; pour mettre en \u0153uvre le premier syst\u00e8me national de suivi de l&rsquo;esp\u00e8ce. En plus de suivre l&rsquo;\u00e9tat de la population, les diff\u00e9rentes r\u00e9gions et parcs nationaux italiens financent \u00e9galement des mesures de protection de troupeaux et indemnisent les \u00e9leveurs pour les pertes dues \u00e0 la pr\u00e9dation par le loup.<\/p>\n","protected":false},"excerpt":{"rendered":"<p>Le retour naturel du loup et l\u2019\u00e9volution de la population jusqu\u2019\u00e0 2020 Une pers\u00e9cution acharn\u00e9e a conduit \u00e0 l&rsquo;extinction du loup dans les Alpes italiennes au d\u00e9but du XXe si\u00e8cle. Dans les Alpes occidentales, le r\u00e9tablissement naturel de l&rsquo;esp\u00e8ce a commenc\u00e9 dans les ann\u00e9es 1990: en 1996-97, les premi\u00e8res meutes transfrontali\u00e8res entre l&rsquo;Italie et la [&hellip;]<\/p>\n","protected":false},"author":2,"featured_media":2353,"parent":4228,"menu_order":0,"comment_status":"closed","ping_status":"closed","template":"page-templates\/il-lupo-sulle-alpi-child.php","meta":{"_acf_changed":false,"footnotes":""},"class_list":["post-6905","page","type-page","status-publish","has-post-thumbnail","hentry"],"acf":[],"_links":{"self":[{"href":"https:\/\/www.lifewolfalps.eu\/fr\/wp-json\/wp\/v2\/pages\/6905","targetHints":{"allow":["GET"]}}],"collection":[{"href":"https:\/\/www.lifewolfalps.eu\/fr\/wp-json\/wp\/v2\/pages"}],"about":[{"href":"https:\/\/www.lifewolfalps.eu\/fr\/wp-json\/wp\/v2\/types\/page"}],"author":[{"embeddable":true,"href":"https:\/\/www.lifewolfalps.eu\/fr\/wp-json\/wp\/v2\/users\/2"}],"replies":[{"embeddable":true,"href":"https:\/\/www.lifewolfalps.eu\/fr\/wp-json\/wp\/v2\/comments?post=6905"}],"version-history":[{"count":4,"href":"https:\/\/www.lifewolfalps.eu\/fr\/wp-json\/wp\/v2\/pages\/6905\/revisions"}],"predecessor-version":[{"id":7738,"href":"https:\/\/www.lifewolfalps.eu\/fr\/wp-json\/wp\/v2\/pages\/6905\/revisions\/7738"}],"up":[{"embeddable":true,"href":"https:\/\/www.lifewolfalps.eu\/fr\/wp-json\/wp\/v2\/pages\/4228"}],"wp:featuredmedia":[{"embeddable":true,"href":"https:\/\/www.lifewolfalps.eu\/fr\/wp-json\/wp\/v2\/media\/2353"}],"wp:attachment":[{"href":"https:\/\/www.lifewolfalps.eu\/fr\/wp-json\/wp\/v2\/media?parent=6905"}],"curies":[{"name":"wp","href":"https:\/\/api.w.org\/{rel}","templated":true}]}}