{"id":3362,"date":"2020-07-31T13:08:36","date_gmt":"2020-07-31T13:08:36","guid":{"rendered":"http:\/\/www.lifewolfalps.eu\/azioni\/c\/c6\/"},"modified":"2020-08-21T12:08:27","modified_gmt":"2020-08-21T12:08:27","slug":"c6","status":"publish","type":"page","link":"https:\/\/www.lifewolfalps.eu\/de\/projektaktivitaeten\/c\/c6\/","title":{"rendered":"C.6"},"content":{"rendered":"\n<h4 class=\"wp-block-heading\"><strong><strong><strong>Verringerung der Fragmentierung von Lebensr\u00e4umen und der verkehrsbedingten Mortalit\u00e4t durch Verbesserung von ausgew\u00e4hlten Gebieten (sink areas)<\/strong><\/strong><\/strong><\/h4>\n\n\n\n<p><strong>C6.1 Verringerung der Fragmentierung von Lebensr\u00e4umen und der verkehrsbedingten Mortalit\u00e4t durch Verbesserung von ausgew\u00e4hlten Gebieten (sink areas)<\/strong><\/p>\n\n\n\n<p>Stra\u00dfen- und Eisenbahninfrastrukturen vermindern die Qualit\u00e4t und Quantit\u00e4t von Lebensr\u00e4umen, erh\u00f6hen die Sterblichkeit von Wildtieren durch den Autoverkehr und wirken sich auf die Fragmentierung von Lebensr\u00e4umen und Populationen aus. Im ersten Projekt LIFE WolfAlps wurde diese Problematik untersucht, und es wurde dokumentiert, dass dies besonders die W\u00f6lfe im Susatal (Italien) betrifft.<\/p>\n\n\n\n<p>Daher wird die Aktion mit den folgenden Aktivit\u00e4ten entwickelt, bei denen die erwarteten Ergebnisse definiert werden:<\/p>\n\n\n\n<ol class=\"wp-block-list\"><li>Auswertung fr\u00fcherer Studien und neuer Daten, die gesammelt wurden, um die genutzten Korridore zu identifizieren.<\/li><li>Runder Tisch mit den am Bau und Unterhalt von Stra\u00dfen und Eisenbahnen beteiligten Akteuren, um \u00fcber neue Eingriffe und den Unterhalt bestehender Infrastrukturen zu entscheiden.<\/li><li>Planung von Entsch\u00e4rfungsma\u00dfnahmen f\u00fcr lineare Infrastrukturen zur Verringerung der Auswirkungen auf die territoriale Fragmentierung der Tierwelt.<\/li><li>Direkte Interventionen und Umsetzung von entsch\u00e4rfenden Ma\u00dfnahmen. Im Einzelnen: die Reinigung der bestehenden Unterf\u00fchrungen und die Verbesserung ihrer Einf\u00fcgung in die Umwelt, die Installation von Netzen, um die W\u00f6lfe durch die Abschnitte mit gr\u00f6\u00dferer Durchl\u00e4ssigkeit zu leiten, die \u00dcberpr\u00fcfung des Erhaltungszustands der Schutznetze der Autobahn, die Installation von Stra\u00dfenschildern zur Warnung der Autofahrer, die Platzierung von reflektierenden optischen Pollern (f\u00fcr mindestens 10 km). Eine mobile App, die die Stra\u00dfenabschnitte signalisiert, die am st\u00e4rksten von Kollisionen mit Wildtieren bedroht sind.<\/li><li>St\u00e4ndige Aktualisierung der Datenbank \u00fcber Stra\u00dfen- und Eisenbahnunf\u00e4lle mit wildlebenden Huftieren und W\u00f6lfen f\u00fcr die Gemeinden des Alta Valle di Susa w\u00e4hrend der 5 Jahre des Projekts.<\/li><li>Durchf\u00fchrung einer Sensibilisierungskampagne zur Unfallverh\u00fctung und zur Sensibilisierung f\u00fcr Unf\u00e4lle mit Wildtieren und W\u00f6lfen.<\/li><\/ol>\n\n\n\n<p><strong>C6.2 Verringerung des Habitatverlusts und Integration der Lebensraumbed\u00fcrfnisse der W\u00f6lfe in die Raumplanung<\/strong><\/p>\n\n\n\n<p>Geeignete Orte zur Fortpflanzung stellen die empfindlichsten Gebiete f\u00fcr diese Tierart dar. Ein wirksames Mittel, um die Konnektivit\u00e4t zu erhalten und den Lebensraumverlust zu verringern, besteht darin, korrekte Informationen f\u00fcr Umweltvertr\u00e4glichkeitspr\u00fcfungen (UVP) bereitzustellen, die die Erhaltung oder Wiederherstellung des Lebensraums f\u00fcr Fortpflanzungsst\u00e4tten in die Raumplanung einbezieht und die kritischsten Standorte zu erhalten.<\/p>\n\n\n\n<p>Hier m\u00f6chten wir das Wissen und die Ma\u00dfnahmen, die im ersten LIFE WolfAlps Projekt entwickelt wurden, in die Praxis umsetzen, um eine benutzerfreundliche Umweltvertr\u00e4glichkeitspr\u00fcfung (UVP) zu entwickeln: ein Richtlinien-Handbuch, das f\u00fcr UVP-Studien in den Gebieten, in denen W\u00f6lfe vorkommen, verwendet werden soll. Wir werden in Italien, in jeder der beteiligten Regionen (Piemont, Lombardei, Ligurien, Aostatal) ein Bildungsseminar f\u00fcr RaumplanerInnen und Unternehmen organisieren, die entsprechende Bewertungen und Umweltvertr\u00e4glichkeitspr\u00fcfungen durchf\u00fchren. Auf dem Seminar werden die Experten die wichtigsten Grunds\u00e4tze einer wolfsfreundlichen Raumplanung vorstellen und erl\u00e4utern.<\/p>\n","protected":false},"excerpt":{"rendered":"<p>Verringerung der Fragmentierung von Lebensr\u00e4umen und der verkehrsbedingten Mortalit\u00e4t durch Verbesserung von ausgew\u00e4hlten Gebieten (sink areas) C6.1 Verringerung der Fragmentierung von Lebensr\u00e4umen und der verkehrsbedingten Mortalit\u00e4t durch Verbesserung von ausgew\u00e4hlten Gebieten (sink areas) Stra\u00dfen- und Eisenbahninfrastrukturen vermindern die Qualit\u00e4t und Quantit\u00e4t von Lebensr\u00e4umen, erh\u00f6hen die Sterblichkeit von Wildtieren durch den Autoverkehr und wirken sich auf [&hellip;]<\/p>\n","protected":false},"author":1,"featured_media":90,"parent":3301,"menu_order":0,"comment_status":"closed","ping_status":"closed","template":"page-templates\/activity-child.php","meta":{"_acf_changed":false,"footnotes":""},"class_list":["post-3362","page","type-page","status-publish","has-post-thumbnail","hentry"],"acf":[],"_links":{"self":[{"href":"https:\/\/www.lifewolfalps.eu\/de\/wp-json\/wp\/v2\/pages\/3362","targetHints":{"allow":["GET"]}}],"collection":[{"href":"https:\/\/www.lifewolfalps.eu\/de\/wp-json\/wp\/v2\/pages"}],"about":[{"href":"https:\/\/www.lifewolfalps.eu\/de\/wp-json\/wp\/v2\/types\/page"}],"author":[{"embeddable":true,"href":"https:\/\/www.lifewolfalps.eu\/de\/wp-json\/wp\/v2\/users\/1"}],"replies":[{"embeddable":true,"href":"https:\/\/www.lifewolfalps.eu\/de\/wp-json\/wp\/v2\/comments?post=3362"}],"version-history":[{"count":2,"href":"https:\/\/www.lifewolfalps.eu\/de\/wp-json\/wp\/v2\/pages\/3362\/revisions"}],"predecessor-version":[{"id":3364,"href":"https:\/\/www.lifewolfalps.eu\/de\/wp-json\/wp\/v2\/pages\/3362\/revisions\/3364"}],"up":[{"embeddable":true,"href":"https:\/\/www.lifewolfalps.eu\/de\/wp-json\/wp\/v2\/pages\/3301"}],"wp:featuredmedia":[{"embeddable":true,"href":"https:\/\/www.lifewolfalps.eu\/de\/wp-json\/wp\/v2\/media\/90"}],"wp:attachment":[{"href":"https:\/\/www.lifewolfalps.eu\/de\/wp-json\/wp\/v2\/media?parent=3362"}],"curies":[{"name":"wp","href":"https:\/\/api.w.org\/{rel}","templated":true}]}}