{"id":3310,"date":"2020-07-07T09:56:22","date_gmt":"2020-07-07T09:56:22","guid":{"rendered":"http:\/\/www.lifewolfalps.eu\/c\/c1\/"},"modified":"2020-08-21T09:56:14","modified_gmt":"2020-08-21T09:56:14","slug":"c1","status":"publish","type":"page","link":"https:\/\/www.lifewolfalps.eu\/de\/projektaktivitaeten\/c\/c1\/","title":{"rendered":"C.1"},"content":{"rendered":"\n<h4 class=\"wp-block-heading\"><strong><strong><strong><strong><strong>Notfallteams zur Pr\u00e4vention von Wolfsrissen: Schadensbegutachtung, pr\u00e4ventive Methoden, Moderation, Wolfskontrolle, Konfliktminderung in Hotspot-Gebieten<\/strong><\/strong><\/strong><\/strong><\/strong><\/h4>\n\n\n\n<p>Risse von Nutztieren sind eine der wichtigsten Ursachen f\u00fcr Konflikte zwischen Menschen und gro\u00dfen Beutegreifern, was dazu f\u00fchrt, dass die Vermeidung von Sch\u00e4den entscheidend f\u00fcr die L\u00f6sung von Problemen ist. Einerseits breiten sich W\u00f6lfe immer weiter aus, andererseits wird die Beweidung von Almen von den L\u00e4ndern gef\u00f6rdert. Konflikte wegen Rissen von Nutztieren sind immer h\u00e4ufiger f\u00fcr negative Einstellungen gegen\u00fcber dem Wolf verantwortlich. <\/p>\n\n\n\n<p>Die ablehnende Haltung der lokalen Bev\u00f6lkerung gegen\u00fcber der Anwesenheit von W\u00f6lfen ist oft darauf zur\u00fcckzuf\u00fchren, dass es keine Ma\u00dfnahmen zur Verhinderung von Angriffen auf Nutztiere gibt und die Unterst\u00fctzung durch die lokalen Beh\u00f6rden fehlt. Erfahrungen haben gezeigt, dass die laufende Anwesenheit von Projektmitarbeitern, die die NutztierhalterInnen bei der Anwendung von Herdenschutzsystemen unterst\u00fctzen, dazu beitr\u00e4gt, dass sich die Menschen nicht im Stich gelassen f\u00fchlen und sich nicht weniger wert f\u00fchlen, als eine gesch\u00fctzte Tierart.<\/p>\n\n\n\n<p>Die Etablierung von Notfallteams zur Pr\u00e4vention von Wolfsrissen (WPIUs \u2013 wolf prevention intervention units) ist eine Ma\u00dfnahme, die im Rahmen des Projektes eingesetzt wird um NutztierhalterInnen im Fall von Rissen zu unterst\u00fctzen, zur Evaluierung von der gew\u00e4hlten Herdenschutzma\u00dfnahmen und um sofort bessere ad-hoc-L\u00f6sungen vorzuschlagen, um k\u00fcnftige Risse zu vermeiden. Sie stellen eine Gelegenheit dar, Konflikte zu entsch\u00e4rfen und Vertrauen zwischen Beh\u00f6rden und Betroffenen aufzubauen. Die WPIUs werden in Italien, Frankreich, \u00d6sterreich und Slowenien aktiviert.<\/p>\n\n\n\n<p>\u00a0Schritte zur Umsetzung der Aktion:<\/p>\n\n\n\n<ul class=\"wp-block-list\"><li>Einzelne WPIU-Aktivit\u00e4t: Jede WPIU wird in Konfliktgebieten eingreifen, um rasch Herdenschutzma\u00dfnahmen zu implementieren, wobei Ad-hoc-L\u00f6sungen auf der Grundlage erfolgreicher Erfahrungen eingesetzt werden. Die WPIUs werden auch administrative Unterst\u00fctzung und aktives Zuh\u00f6ren (Mediation) leisten. Im Bedarfsfall werden die WPIUs mit den Giftsuchhunde-Teams zusammenarbeiten.<\/li><\/ul>\n\n\n\n<ul class=\"wp-block-list\"><li>Koordinierung und st\u00e4ndige Evaluierung zur Optimierung der WPIUs auf L\u00e4nder-\/Regionalebene.<\/li><\/ul>\n\n\n\n<ul class=\"wp-block-list\"><li>Verbesserung des korrekten Einsatzes von Herdenschutzhunden (HS) und Z\u00e4unen: Herdenschutzhunde erweisen sich in seltenen Situationen als gef\u00e4hrlich f\u00fcr Menschen. Es ist wichtig, mit konkreten L\u00f6sungen vor Ort einzugreifen, bei Bedarf eine angemessene Schulung durchzuf\u00fchren und Erholungssuchende \u00fcber das richtige Verhalten in Gegenwart von Herdenschutzhunden zu informieren.<\/li><\/ul>\n\n\n\n<ul class=\"wp-block-list\"><li>Angewandter Test der Zuverl\u00e4ssigkeit sensorgest\u00fctzter Systeme an Schafherden und Feedback zur Verbesserung, im Rahmen des Betriebs der WPIU in \u00d6sterreich durch AREC: Der Test wird Basisdaten f\u00fcr das Auffinden von Panikmustern in einer Herde liefern. Weitere Ergebnisse werden Empfehlungen und Richtlinien mit den grundlegenden Anforderungen sein, die f\u00fcr die Implementierung eines solchen Systems anderswo in den Alpen notwendig sind.<\/li><\/ul>\n\n\n\n<ul class=\"wp-block-list\"><li>Entwicklung einer Gruppe von Freiwilligen, die w\u00e4hrend der Weideperiode eingesetzt werden, um die LandwirtInnen in Italien bei ihrer Arbeitsroutine zu unterst\u00fctzen.<\/li><\/ul>\n\n\n\n<ul class=\"wp-block-list\"><li>Entwicklung von &#8222;Endg\u00fcltigen langfristigen Richtlinien f\u00fcr die Umsetzung der WPIUs auf dem jeweiligen nationalen Level und Bewertung der Kosten&#8220;.<\/li><\/ul>\n\n\n\n<ul class=\"wp-block-list\"><li>Durchf\u00fchrung einer Kampagne in der \u00d6ffentlichkeit f\u00fcr Herdenschutzma\u00dfnahmen und Bekanntmachung der WPIU-Aktivit\u00e4t.<\/li><\/ul>\n\n\n\n<p><\/p>\n","protected":false},"excerpt":{"rendered":"<p>Notfallteams zur Pr\u00e4vention von Wolfsrissen: Schadensbegutachtung, pr\u00e4ventive Methoden, Moderation, Wolfskontrolle, Konfliktminderung in Hotspot-Gebieten Risse von Nutztieren sind eine der wichtigsten Ursachen f\u00fcr Konflikte zwischen Menschen und gro\u00dfen Beutegreifern, was dazu f\u00fchrt, dass die Vermeidung von Sch\u00e4den entscheidend f\u00fcr die L\u00f6sung von Problemen ist. Einerseits breiten sich W\u00f6lfe immer weiter aus, andererseits wird die Beweidung von [&hellip;]<\/p>\n","protected":false},"author":1,"featured_media":90,"parent":3301,"menu_order":0,"comment_status":"closed","ping_status":"closed","template":"page-templates\/activity-child.php","meta":{"_acf_changed":false,"footnotes":""},"class_list":["post-3310","page","type-page","status-publish","has-post-thumbnail","hentry"],"acf":[],"_links":{"self":[{"href":"https:\/\/www.lifewolfalps.eu\/de\/wp-json\/wp\/v2\/pages\/3310","targetHints":{"allow":["GET"]}}],"collection":[{"href":"https:\/\/www.lifewolfalps.eu\/de\/wp-json\/wp\/v2\/pages"}],"about":[{"href":"https:\/\/www.lifewolfalps.eu\/de\/wp-json\/wp\/v2\/types\/page"}],"author":[{"embeddable":true,"href":"https:\/\/www.lifewolfalps.eu\/de\/wp-json\/wp\/v2\/users\/1"}],"replies":[{"embeddable":true,"href":"https:\/\/www.lifewolfalps.eu\/de\/wp-json\/wp\/v2\/comments?post=3310"}],"version-history":[{"count":1,"href":"https:\/\/www.lifewolfalps.eu\/de\/wp-json\/wp\/v2\/pages\/3310\/revisions"}],"predecessor-version":[{"id":3311,"href":"https:\/\/www.lifewolfalps.eu\/de\/wp-json\/wp\/v2\/pages\/3310\/revisions\/3311"}],"up":[{"embeddable":true,"href":"https:\/\/www.lifewolfalps.eu\/de\/wp-json\/wp\/v2\/pages\/3301"}],"wp:featuredmedia":[{"embeddable":true,"href":"https:\/\/www.lifewolfalps.eu\/de\/wp-json\/wp\/v2\/media\/90"}],"wp:attachment":[{"href":"https:\/\/www.lifewolfalps.eu\/de\/wp-json\/wp\/v2\/media?parent=3310"}],"curies":[{"name":"wp","href":"https:\/\/api.w.org\/{rel}","templated":true}]}}