{"id":3282,"date":"2020-07-28T15:05:26","date_gmt":"2020-07-28T15:05:26","guid":{"rendered":"http:\/\/www.lifewolfalps.eu\/a\/a7\/"},"modified":"2020-08-21T09:35:58","modified_gmt":"2020-08-21T09:35:58","slug":"a7","status":"publish","type":"page","link":"https:\/\/www.lifewolfalps.eu\/de\/projektaktivitaeten\/a\/a7\/","title":{"rendered":"A.7"},"content":{"rendered":"\n<h4 class=\"wp-block-heading\"><strong><strong><strong><strong><strong><strong><strong><strong>Umgang mit W\u00f6lfen im Siedlungsraum: Entwicklung spezifischer Protokolle zur Pr\u00e4vention, \u00dcberwachung und letztlich zum Umgang mit habituierten W\u00f6lfen<\/strong><\/strong><\/strong><\/strong><\/strong><\/strong><\/strong><\/strong><\/h4>\n\n\n\n<p>W\u00f6lfe in Siedlungsr\u00e4umen sind ein neues wichtiges Thema, insbesondere in den dichter besiedelten Gebieten in den Westalpen Italiens und Frankreichs und im piemontesisch-ligurischen Apenninkorridor. Die Region Piemont wird in Anbetracht der lokalen Bed\u00fcrfnisse und des Auftretens neuer Wolfsrudel in der N\u00e4he von Turin, Alessandria und Mondovi an dieser Aktion besonders beteiligt sein. W\u00f6lfe in Siedlungsgebieten werfen neue Fragen f\u00fcr den Schutz und das Management auf, die zun\u00e4chst durch die Ausarbeitung gemeinsamer Protokolle gel\u00f6st werden sollen.<\/p>\n\n\n\n<p>Insbesondere werden wir produzieren:<\/p>\n\n\n\n<ul class=\"wp-block-list\"><li>Ein Protokoll zur Anpassung der Monitoring- und Kontrollstrategien in Siedlungsr\u00e4umen, das der Arbeit der Aktion A5 folgt.<\/li><li>Ein spezifisches Protokoll zur Anpassung der Pr\u00e4ventionsma\u00dfnahmen in Siedlungsr\u00e4ume im Anschluss an die Arbeit der Aktion A2.<\/li><li>Ein spezifisches Protokoll f\u00fcr die Identifizierung und Definition von habituierten W\u00f6lfen, unter Ber\u00fccksichtigung der von LCIE entwickelten Definition und in Anlehnung an die Arbeit von Aktion C5.<\/li><\/ul>\n\n\n\n<p>Wir werden eine Sensibilisierungskampagne in Bezug auf das Thema unter Einbeziehung lokaler Interessenvertreter durchf\u00fchren.<\/p>\n","protected":false},"excerpt":{"rendered":"<p>Umgang mit W\u00f6lfen im Siedlungsraum: Entwicklung spezifischer Protokolle zur Pr\u00e4vention, \u00dcberwachung und letztlich zum Umgang mit habituierten W\u00f6lfen W\u00f6lfe in Siedlungsr\u00e4umen sind ein neues wichtiges Thema, insbesondere in den dichter besiedelten Gebieten in den Westalpen Italiens und Frankreichs und im piemontesisch-ligurischen Apenninkorridor. Die Region Piemont wird in Anbetracht der lokalen Bed\u00fcrfnisse und des Auftretens neuer [&hellip;]<\/p>\n","protected":false},"author":1,"featured_media":0,"parent":3210,"menu_order":0,"comment_status":"closed","ping_status":"closed","template":"page-templates\/activity-child.php","meta":{"_acf_changed":false,"footnotes":""},"class_list":["post-3282","page","type-page","status-publish","hentry"],"acf":[],"_links":{"self":[{"href":"https:\/\/www.lifewolfalps.eu\/de\/wp-json\/wp\/v2\/pages\/3282","targetHints":{"allow":["GET"]}}],"collection":[{"href":"https:\/\/www.lifewolfalps.eu\/de\/wp-json\/wp\/v2\/pages"}],"about":[{"href":"https:\/\/www.lifewolfalps.eu\/de\/wp-json\/wp\/v2\/types\/page"}],"author":[{"embeddable":true,"href":"https:\/\/www.lifewolfalps.eu\/de\/wp-json\/wp\/v2\/users\/1"}],"replies":[{"embeddable":true,"href":"https:\/\/www.lifewolfalps.eu\/de\/wp-json\/wp\/v2\/comments?post=3282"}],"version-history":[{"count":1,"href":"https:\/\/www.lifewolfalps.eu\/de\/wp-json\/wp\/v2\/pages\/3282\/revisions"}],"predecessor-version":[{"id":3283,"href":"https:\/\/www.lifewolfalps.eu\/de\/wp-json\/wp\/v2\/pages\/3282\/revisions\/3283"}],"up":[{"embeddable":true,"href":"https:\/\/www.lifewolfalps.eu\/de\/wp-json\/wp\/v2\/pages\/3210"}],"wp:attachment":[{"href":"https:\/\/www.lifewolfalps.eu\/de\/wp-json\/wp\/v2\/media?parent=3282"}],"curies":[{"name":"wp","href":"https:\/\/api.w.org\/{rel}","templated":true}]}}