{"id":3232,"date":"2020-07-07T08:36:23","date_gmt":"2020-07-07T08:36:23","guid":{"rendered":"http:\/\/www.lifewolfalps.eu\/a\/a2\/"},"modified":"2020-08-21T09:43:55","modified_gmt":"2020-08-21T09:43:55","slug":"a2","status":"publish","type":"page","link":"https:\/\/www.lifewolfalps.eu\/de\/projektaktivitaeten\/a\/a2\/","title":{"rendered":"A.2"},"content":{"rendered":"\n<h4 class=\"wp-block-heading\"><strong><strong><strong>Etablierung und Ausbildung der Notfallteams zur Vermeidung von Wolfsrissen, Bewertung der Ausgangssituation und der Einsatzstrategie<\/strong><\/strong><\/strong><\/h4>\n\n\n\n<p>Sch\u00e4den an Nutztieren sind eine der wichtigsten Ursachen f\u00fcr Konflikte zwischen Menschen und gro\u00dfen Beutegreifern, weshalb <strong>Pr\u00e4vention bei der L\u00f6sung von Problemen von entscheidender Bedeutung ist<\/strong>. Wir werden zun\u00e4chst die Konflikte und die Mechanismen der Wolfsangriffe auf Nutztiere charakterisieren und \u201eBest Practise\u201c Beispiele bei den Pr\u00e4ventionsma\u00dfnahmen identifizieren. Wir werden praktische L\u00f6sungen zur Entwicklung von Notfallteams zur Vermeidung von Wolfsrissen (WPIU \u2013 Wolf Prevention Intervention Units) anbieten, die in jedem Land getestet und umgesetzt werden soll, um in Aktion C1 eingesetzt zu werden.<\/p>\n\n\n\n<p>&nbsp;Schritte zur Umsetzung der Aktion:<\/p>\n\n\n\n<ul class=\"wp-block-list\"><li>Evaluierung der Ausgangssituation, um Interventionen und ad-hoc optimale Pr\u00e4ventionsstrategien anpassen zu k\u00f6nnen;<\/li><li>Transfer von Best Practices und Richtlinien f\u00fcr Pr\u00e4ventionsma\u00dfnahmen von Rinder- und Schafherden, die in den westlichen italienischen Alpen entwickelt wurden;<\/li><li>Entwicklung eines neuen effektiven Pr\u00e4ventionsansatzes mit Hilfe der Notfallteams (WPIUs): ein Erste-Hilfe-Modell, das in jedem Land getestet und umgesetzt werden soll. Die WPIUs werden geschult und vor Ort etabliert, um im Falle von Nutztierrissen schnell Pr\u00e4ventionsma\u00dfnahmen zu implementieren, optimale Ad-hoc-Pr\u00e4ventionsstrategien anzuwenden, den korrekten Einsatz von Herdenschutzhunden zu erkl\u00e4ren, administrative Unterst\u00fctzung zu leisten und als Vermittler zu fungieren;<\/li><li>Etablierung von Notfallteams (WPIUs) in den 4 L\u00e4ndern;<\/li><li>Es werden Ausbildungskurse und Workshops organisiert, um die WPIU-MitarbeiterInnen darauf vorzubereiten, in Schadens- und Pr\u00e4ventivf\u00e4llen zu helfen;<\/li><li>Spezifische Evaluierung der Nutztierhaltung\/Bestandsf\u00fchrung als Erg\u00e4nzung zu den Pr\u00e4ventionsma\u00dfnahmen und die m\u00f6gliche Verbindung im Einsatz mit den WPIUs.<\/li><\/ul>\n","protected":false},"excerpt":{"rendered":"<p>Etablierung und Ausbildung der Notfallteams zur Vermeidung von Wolfsrissen, Bewertung der Ausgangssituation und der Einsatzstrategie Sch\u00e4den an Nutztieren sind eine der wichtigsten Ursachen f\u00fcr Konflikte zwischen Menschen und gro\u00dfen Beutegreifern, weshalb Pr\u00e4vention bei der L\u00f6sung von Problemen von entscheidender Bedeutung ist. Wir werden zun\u00e4chst die Konflikte und die Mechanismen der Wolfsangriffe auf Nutztiere charakterisieren und [&hellip;]<\/p>\n","protected":false},"author":1,"featured_media":0,"parent":3210,"menu_order":0,"comment_status":"closed","ping_status":"closed","template":"page-templates\/activity-child.php","meta":{"_acf_changed":false,"footnotes":""},"class_list":["post-3232","page","type-page","status-publish","hentry"],"acf":[],"_links":{"self":[{"href":"https:\/\/www.lifewolfalps.eu\/de\/wp-json\/wp\/v2\/pages\/3232","targetHints":{"allow":["GET"]}}],"collection":[{"href":"https:\/\/www.lifewolfalps.eu\/de\/wp-json\/wp\/v2\/pages"}],"about":[{"href":"https:\/\/www.lifewolfalps.eu\/de\/wp-json\/wp\/v2\/types\/page"}],"author":[{"embeddable":true,"href":"https:\/\/www.lifewolfalps.eu\/de\/wp-json\/wp\/v2\/users\/1"}],"replies":[{"embeddable":true,"href":"https:\/\/www.lifewolfalps.eu\/de\/wp-json\/wp\/v2\/comments?post=3232"}],"version-history":[{"count":3,"href":"https:\/\/www.lifewolfalps.eu\/de\/wp-json\/wp\/v2\/pages\/3232\/revisions"}],"predecessor-version":[{"id":3295,"href":"https:\/\/www.lifewolfalps.eu\/de\/wp-json\/wp\/v2\/pages\/3232\/revisions\/3295"}],"up":[{"embeddable":true,"href":"https:\/\/www.lifewolfalps.eu\/de\/wp-json\/wp\/v2\/pages\/3210"}],"wp:attachment":[{"href":"https:\/\/www.lifewolfalps.eu\/de\/wp-json\/wp\/v2\/media?parent=3232"}],"curies":[{"name":"wp","href":"https:\/\/api.w.org\/{rel}","templated":true}]}}